{"id":670,"date":"2016-10-21T09:28:31","date_gmt":"2016-10-21T09:28:31","guid":{"rendered":"https:\/\/dolomitihotel.net\/de\/?page_id=670"},"modified":"2022-06-10T12:22:50","modified_gmt":"2022-06-10T12:22:50","slug":"ambiente","status":"publish","type":"page","link":"https:\/\/dolomitihotel.net\/de\/ambiente\/","title":{"rendered":"Ambiente"},"content":{"rendered":"<section class=\"l-section wpb_row height_auto width_full\"><div class=\"l-section-h i-cf\"><div class=\"g-cols vc_row type_default valign_top\"><div class=\"vc_col-sm-12 wpb_column vc_column_container\"><div class=\"vc_column-inner\"><div class=\"wpb_wrapper\">[rev_slider_vc alias=&#8221;ambienti&#8221;]<\/div><\/div><\/div><\/div><\/div><\/section><section class=\"l-section wpb_row height_auto width_full color_custom\" style=\"background-color: #5d3a2b; color: #f2e4e1;border-top-width: 5px !important;border-top-color: #ffffff !important;border-top-style: solid !important;\"><div class=\"l-section-h i-cf\"><div class=\"g-cols vc_row type_default valign_middle\"><div class=\"vc_col-sm-8 wpb_column vc_column_container has-fill nopadding\"><div class=\"vc_column-inner  vc_custom_1471601027277\"><div class=\"wpb_wrapper\">[vc_empty_space height=&#8221;400px&#8221;]<\/div><\/div><\/div><div class=\"vc_col-sm-4 wpb_column vc_column_container colonna-text-dx\"><div class=\"vc_column-inner\"><div class=\"wpb_wrapper\">[vc_empty_space height=&#8221;200px&#8221;]\n\t<div class=\"wpb_text_column \">\n\t\t<div class=\"wpb_wrapper\">\n\t\t\t<h2>DAS GEW\u00d6LBE F\u00dcR DAS FR\u00dcHST\u00dcCK<\/h2>\n<p>Die Geschichte unseres Hauses erz\u00e4hlen die gew\u00f6lbten Decken in alten Steinmauern. Einst ein Bauernanwesen unserer Familie, immer noch unter dem Namen &#8220;Fil\u00f2&#8221; bekannt.<br \/>\nDer Begriff Fil\u00f2\u00a0 bedeutet &#8220;stricken&#8221;, dazu trafen sich die Frauen in den Winterabenden in den Gew\u00f6lben des Stalles. In der warmen Luft der Tiere sa\u00dfen M\u00e4nner, Frauen, Kinder und es wurden Geschichten erz\u00e4hlt und Neuigkeiten ausgetauscht.<\/p>\n\n\t\t<\/div>\n\t<\/div>\n<div class=\"w-btn-wrapper align_left\"><a class=\"w-btn style_outlined color_white icon_none\" href=\"https:\/\/dolomitihotel.net\/de\/fruehstueck\/\"><span class=\"w-btn-label\">DETAILS<\/span><\/a><\/div>[vc_empty_space height=&#8221;200px&#8221;]<\/div><\/div><\/div><\/div><\/div><\/section><section class=\"l-section wpb_row height_auto width_full color_custom\" style=\"background-color: #b07d07; color: #ffffff;border-top-width: 5px !important;border-top-color: #ffffff !important;border-top-style: solid !important;\"><div class=\"l-section-h i-cf\"><div class=\"g-cols vc_row type_default valign_middle\"><div class=\"vc_col-sm-4 wpb_column vc_column_container colonna-text-sx\"><div class=\"vc_column-inner\"><div class=\"wpb_wrapper\">[vc_empty_space height=&#8221;100px&#8221;]\n\t<div class=\"wpb_text_column \">\n\t\t<div class=\"wpb_wrapper\">\n\t\t\t<h2>ZIMMER UND SUITEN<\/h2>\n<p>Hotel Dolomiti bietet Unterkunft-Varianten in Zimmer und Suiten mit K\u00fcchenzeile, alle ausgestattet mit Smart TV, 42 &#8220;, Wi-Fi, Heizung, Klimaanlage und K\u00fchlschrank. Sie k\u00f6nnen zwischen Zimmern mit oder ohne Balkon oder eine Suite mit K\u00fcchenzeile w\u00e4hlen.<\/p>\n\n\t\t<\/div>\n\t<\/div>\n<div class=\"w-btn-wrapper align_left\"><a class=\"w-btn style_outlined color_white icon_none\" href=\"https:\/\/dolomitihotel.net\/de\/suite-zimmer\/\"><span class=\"w-btn-label\">ZIMMER DETAILS<\/span><\/a><\/div>[vc_empty_space height=&#8221;100px&#8221;]<\/div><\/div><\/div><div class=\"vc_col-sm-8 wpb_column vc_column_container has-fill nopadding\"><div class=\"vc_column-inner  vc_custom_1469435952526\"><div class=\"wpb_wrapper\">[vc_empty_space height=&#8221;400px&#8221;]<\/div><\/div><\/div><\/div><\/div><\/section><section class=\"l-section wpb_row height_auto width_full color_custom\" style=\"background-color: #5b97a9; color: #ffffff;border-top-width: 5px !important;border-top-color: #ffffff !important;border-top-style: solid !important;\"><div class=\"l-section-h i-cf\"><div class=\"g-cols vc_row type_default valign_middle\"><div class=\"vc_col-sm-8 wpb_column vc_column_container has-fill nopadding\"><div class=\"vc_column-inner  vc_custom_1469435959614\"><div class=\"wpb_wrapper\">[vc_empty_space height=&#8221;400px&#8221;]<\/div><\/div><\/div><div class=\"vc_col-sm-4 wpb_column vc_column_container colonna-text-dx\"><div class=\"vc_column-inner\"><div class=\"wpb_wrapper\">[vc_empty_space height=&#8221;100px&#8221;]\n\t<div class=\"wpb_text_column \">\n\t\t<div class=\"wpb_wrapper\">\n\t\t\t<h2>BEHEIZTER POOL UND SOLARIUM<\/h2>\n<p>Unser Flaggschiff, der auf einem Podest in der Mitte der Terrasse befindliche Pool.<\/p>\n<p>Das Wasser wird erhitzt mit einem modernen Energiesparsystem durch W\u00e4rmer\u00fcckgewinnung. Besonderes Augenmerk wird auf die Wasserqualit\u00e4t gelegt, ein Desinfektionsverfahren durch Elektrolyse von Salz ohne Verwendung von Chemikalien!<\/p>\n\n\t\t<\/div>\n\t<\/div>\n[vc_empty_space height=&#8221;100px&#8221;]<\/div><\/div><\/div><\/div><\/div><\/section><section class=\"l-section wpb_row height_auto width_full color_custom\" style=\"background-color: #777819; color: #ffffff;border-top-width: 5px !important;border-top-color: #ffffff !important;border-top-style: solid !important;\"><div class=\"l-section-h i-cf\"><div class=\"g-cols vc_row type_default valign_middle\"><div class=\"vc_col-sm-4 wpb_column vc_column_container colonna-text-sx\"><div class=\"vc_column-inner\"><div class=\"wpb_wrapper\">[vc_empty_space height=&#8221;100px&#8221;]\n\t<div class=\"wpb_text_column \">\n\t\t<div class=\"wpb_wrapper\">\n\t\t\t<h2>WEINPERGOLA<\/h2>\n<p>Ein weiterer entspannenender Ort ist dem kleinen Innenhof.<\/p>\n<p>Bedeckt durch eine s\u00e4kulare Rebe; diese w\u00e4chst verflochten \u00fcber die Terrasse, treibt im Fr\u00fchjahr aus, ab Ende April\u00a0 zeigen sich die Bl\u00fcten und bilden \u00fcber den Sommer ein dichtes, schattiges Bl\u00e4tterdach. Im sp\u00e4ten Sommer wachsen die Trauben buchst\u00e4blich in den Mund und die Herbstf\u00e4rbung der bunten Bl\u00e4tter erfeut unser Auge.<\/p>\n\n\t\t<\/div>\n\t<\/div>\n[vc_empty_space height=&#8221;100px&#8221;]<\/div><\/div><\/div><div class=\"vc_col-sm-8 wpb_column vc_column_container has-fill nopadding\"><div class=\"vc_column-inner  vc_custom_1654863768786\"><div class=\"wpb_wrapper\">[vc_empty_space height=&#8221;400px&#8221;]<\/div><\/div><\/div><\/div><\/div><\/section><section class=\"l-section wpb_row height_auto with_img\" style=\"border-top-width: 5px !important;border-top-color: #ffffff !important;border-top-style: solid !important;\"><div class=\"l-section-img\" style=\"background-image: url(https:\/\/dolomitihotel.net\/wp-content\/uploads\/2016\/07\/1920-parallax-prefooter-02.jpg);background-repeat: no-repeat;\" data-img-width=\"1920\" data-img-height=\"1280\"><\/div><div class=\"l-section-h i-cf\"><div class=\"g-cols vc_row type_boxes valign_bottom\"><div class=\"vc_col-sm-6 wpb_column vc_column_container nopadding\"><div class=\"vc_column-inner\"><div class=\"wpb_wrapper\">[vc_empty_space height=&#8221;300px&#8221;]<div class=\"g-cols wpb_row type_default valign_top vc_inner box-trasp-giallo-largo \"><div class=\"vc_col-sm-12 wpb_column vc_column_container\"><div class=\"vc_column-inner\"><div class=\"wpb_wrapper\">\n\t<div class=\"wpb_text_column \">\n\t\t<div class=\"wpb_wrapper\">\n\t\t\t<h2>200 METER VOM SEE<\/h2>\n<p>und dem Strand\u00a0 des Ortes, dem &#8220;Lido Paina&#8221; entfernt.<\/p>\n<p>Sie befinden sich in der richtigen Umgebung. Der Strand ist bequem und entspannt zu Fu\u00df zu erreichen, mit herrlichem Blick auf die mittelalterlichen Burg.<\/p>\n\n\t\t<\/div>\n\t<\/div>\n<\/div><\/div><\/div><\/div><\/div><\/div><\/div><div class=\"vc_col-sm-6 wpb_column vc_column_container\"><div class=\"vc_column-inner\"><div class=\"wpb_wrapper\"><\/div><\/div><\/div><\/div><\/div><\/section>\n","protected":false},"excerpt":{"rendered":"[rev_slider_vc alias=\"ambienti\"][vc_empty_space height=\"400px\"][vc_empty_space height=\"200px\"] DAS GEW\u00d6LBE F\u00dcR DAS FR\u00dcHST\u00dcCK Die Geschichte unseres Hauses erz\u00e4hlen die gew\u00f6lbten Decken in alten Steinmauern. Einst ein Bauernanwesen unserer Familie, immer noch unter dem Namen \"Fil\u00f2\" bekannt. Der Begriff Fil\u00f2\u00a0 bedeutet \"stricken\", dazu trafen sich die Frauen in den Winterabenden in den Gew\u00f6lben des Stalles. In der warmen Luft der...","protected":false},"author":1,"featured_media":0,"parent":0,"menu_order":0,"comment_status":"closed","ping_status":"closed","template":"","meta":{"inline_featured_image":false},"_links":{"self":[{"href":"https:\/\/dolomitihotel.net\/de\/wp-json\/wp\/v2\/pages\/670"}],"collection":[{"href":"https:\/\/dolomitihotel.net\/de\/wp-json\/wp\/v2\/pages"}],"about":[{"href":"https:\/\/dolomitihotel.net\/de\/wp-json\/wp\/v2\/types\/page"}],"author":[{"embeddable":true,"href":"https:\/\/dolomitihotel.net\/de\/wp-json\/wp\/v2\/users\/1"}],"replies":[{"embeddable":true,"href":"https:\/\/dolomitihotel.net\/de\/wp-json\/wp\/v2\/comments?post=670"}],"version-history":[{"count":8,"href":"https:\/\/dolomitihotel.net\/de\/wp-json\/wp\/v2\/pages\/670\/revisions"}],"predecessor-version":[{"id":1422,"href":"https:\/\/dolomitihotel.net\/de\/wp-json\/wp\/v2\/pages\/670\/revisions\/1422"}],"wp:attachment":[{"href":"https:\/\/dolomitihotel.net\/de\/wp-json\/wp\/v2\/media?parent=670"}],"curies":[{"name":"wp","href":"https:\/\/api.w.org\/{rel}","templated":true}]}}