{"id":674,"date":"2016-10-21T09:39:14","date_gmt":"2016-10-21T09:39:14","guid":{"rendered":"https:\/\/dolomitihotel.net\/de\/?page_id=674"},"modified":"2025-07-02T09:30:08","modified_gmt":"2025-07-02T09:30:08","slug":"suite-zimmer","status":"publish","type":"page","link":"https:\/\/dolomitihotel.net\/de\/suite-zimmer\/","title":{"rendered":"Suite &#038; zimmer"},"content":{"rendered":"<section class=\"l-section wpb_row height_auto width_full\"><div class=\"l-section-h i-cf\"><div class=\"g-cols vc_row type_default valign_top\"><div class=\"vc_col-sm-12 wpb_column vc_column_container\"><div class=\"vc_column-inner\"><div class=\"wpb_wrapper\">[rev_slider_vc alias=&#8221;camere&#8221;]<\/div><\/div><\/div><\/div><\/div><\/section><section class=\"l-section wpb_row height_auto width_full fascia-camera\"><div class=\"l-section-h i-cf\"><div class=\"g-cols vc_row type_boxes valign_middle\"><div class=\"vc_col-sm-6 wpb_column vc_column_container nopadding\"><div class=\"vc_column-inner\"><div class=\"wpb_wrapper\"><div class=\"w-slider style_none\"><div class=\"w-slider-h\"><div class=\"royalSlider\"><div class=\"rsContent\"><a class=\"rsImg\" data-rsw=\"1024\" data-rsh=\"1024\" data-rsBigImg=\"https:\/\/dolomitihotel.net\/wp-content\/uploads\/2016\/07\/suite-hotel-dolomiti-1.jpg\" href=\"https:\/\/dolomitihotel.net\/wp-content\/uploads\/2016\/07\/suite-hotel-dolomiti-1.jpg\"><\/a><\/div><div class=\"rsContent\"><a class=\"rsImg\" data-rsw=\"1024\" data-rsh=\"1024\" data-rsBigImg=\"https:\/\/dolomitihotel.net\/wp-content\/uploads\/2016\/07\/Senza-titolo-1.jpg\" href=\"https:\/\/dolomitihotel.net\/wp-content\/uploads\/2016\/07\/Senza-titolo-1.jpg\"><\/a><\/div><div class=\"rsContent\"><a class=\"rsImg\" data-rsw=\"1024\" data-rsh=\"1024\" data-rsBigImg=\"https:\/\/dolomitihotel.net\/wp-content\/uploads\/2016\/07\/suite-hotel-dolomiti-4.jpg\" href=\"https:\/\/dolomitihotel.net\/wp-content\/uploads\/2016\/07\/suite-hotel-dolomiti-4.jpg\"><\/a><\/div><div class=\"rsContent\"><a class=\"rsImg\" data-rsw=\"1024\" data-rsh=\"1024\" data-rsBigImg=\"https:\/\/dolomitihotel.net\/wp-content\/uploads\/2016\/07\/suite-hotel-dolomiti-3.jpg\" href=\"https:\/\/dolomitihotel.net\/wp-content\/uploads\/2016\/07\/suite-hotel-dolomiti-3.jpg\"><\/a><\/div><div class=\"rsContent\"><a class=\"rsImg\" data-rsw=\"1024\" data-rsh=\"1024\" data-rsBigImg=\"https:\/\/dolomitihotel.net\/wp-content\/uploads\/2016\/07\/1200x1200-suite-01.jpg\" href=\"https:\/\/dolomitihotel.net\/wp-content\/uploads\/2016\/07\/1200x1200-suite-01-1024x1024.jpg\"><\/a><\/div><div class=\"rsContent\"><a class=\"rsImg\" data-rsw=\"1024\" data-rsh=\"1024\" data-rsBigImg=\"https:\/\/dolomitihotel.net\/wp-content\/uploads\/2016\/07\/suite-hotel-dolomiti-2.jpg\" href=\"https:\/\/dolomitihotel.net\/wp-content\/uploads\/2016\/07\/suite-hotel-dolomiti-2.jpg\"><\/a><\/div><div class=\"rsContent\"><a class=\"rsImg\" data-rsw=\"1024\" data-rsh=\"1024\" data-rsBigImg=\"https:\/\/dolomitihotel.net\/wp-content\/uploads\/2016\/07\/Senza-titolo-3.jpg\" href=\"https:\/\/dolomitihotel.net\/wp-content\/uploads\/2016\/07\/Senza-titolo-3.jpg\"><\/a><\/div><div class=\"rsContent\"><a class=\"rsImg\" data-rsw=\"1024\" data-rsh=\"1024\" data-rsBigImg=\"https:\/\/dolomitihotel.net\/wp-content\/uploads\/2016\/07\/Senza-titolo-4-1.jpg\" href=\"https:\/\/dolomitihotel.net\/wp-content\/uploads\/2016\/07\/Senza-titolo-4-1.jpg\"><\/a><\/div><div class=\"rsContent\"><a class=\"rsImg\" data-rsw=\"1024\" data-rsh=\"1024\" data-rsBigImg=\"https:\/\/dolomitihotel.net\/wp-content\/uploads\/2016\/07\/suite-hotel-dolomiti-5.jpg\" href=\"https:\/\/dolomitihotel.net\/wp-content\/uploads\/2016\/07\/suite-hotel-dolomiti-5.jpg\"><\/a><\/div><\/div><img src=\"https:\/\/dolomitihotel.net\/wp-content\/uploads\/2016\/07\/suite-hotel-dolomiti-1.jpg\" alt=\"\"><\/div><div class=\"w-slider-json\" onclick='return {&quot;transitionSpeed&quot;:300,&quot;loopRewind&quot;:true,&quot;slidesSpacing&quot;:0,&quot;imageScalePadding&quot;:0,&quot;numImagesToPreload&quot;:2,&quot;arrowsNav&quot;:true,&quot;arrowsNavAutoHide&quot;:false,&quot;transitionType&quot;:&quot;move&quot;,&quot;block&quot;:{&quot;moveEffect&quot;:&quot;none&quot;,&quot;speed&quot;:300},&quot;controlNavigation&quot;:&quot;none&quot;,&quot;fullscreen&quot;:{&quot;enabled&quot;:true},&quot;imageScaleMode&quot;:&quot;fit-if-smaller&quot;,&quot;autoScaleSlider&quot;:true,&quot;autoScaleSliderWidth&quot;:1024,&quot;autoScaleSliderHeight&quot;:1024,&quot;fitInViewport&quot;:false}'><\/div><\/div><\/div><\/div><\/div><div class=\"vc_col-sm-6 wpb_column vc_column_container\"><div class=\"vc_column-inner  vc_custom_1486742115252\"><div class=\"wpb_wrapper\">\n\t<div class=\"wpb_text_column  camera-text\">\n\t\t<div class=\"wpb_wrapper\">\n\t\t\t<h2>Suiten mit oder ohne Balkon und K\u00fcchenzeile<\/h2>\n<h4>28\/32 m\u00b2 \u2013 neu eingerichtete Zimmer, gro\u00dfe Fenster, mit Blick auf die Altstadt oder gro\u00dfz\u00fcgigem Balkon<\/h4>\n<p><strong>PLUS UND KOMFORT: <\/strong>modern ausgestattete K\u00fcchenecke , Wohnzimmer mit Tisch und St\u00fchlen, 2 Smart Satelliten-TV 42 &#8220;, Parkettboden.<br \/>\n<strong>BELEGUNG:<\/strong> bis zu 3 Erwachsene oder 2 Erwachsene und 2 Kinder<br \/>\n<strong>BETTEN:<\/strong> Zimmer mit Doppelbett oder zwei Einzelbetten und einem gro\u00dfen Schlafsofa im Wohnzimmer. Neue hypoallergene Matratzen mit differenzierter R\u00fcckenunterst\u00fctzung.<\/p>\n<p><strong>AUSSTATTUNG UND DIENSTLEISTUNGEN:<\/strong>\u00a0Die Suiten sind ausgestattet mit Telefon, Sat 2 Smart TV 42 &#8220;, Radio, Klimaanlage, Wi-Fi, Schreibtisch, Sitzecke mit Tisch, St\u00fchlen und Kochnische, Heizung, Schrank, allergikerfreundlich.<br \/>\n<strong>B\u00c4DER:<\/strong> Alle Badezimmer mit Fenster, Dusche, WC, Bidet, Haartrockner, Toilettenartikel.<\/p>\n\n\t\t<\/div>\n\t<\/div>\n<div class=\"g-cols wpb_row type_default valign_top vc_inner blocco-disintermediazione-camera  vc_custom_1469195342817\"><div class=\"vc_col-sm-12 wpb_column vc_column_container\"><div class=\"vc_column-inner\"><div class=\"wpb_wrapper\">\n\t<div class=\"wpb_text_column \">\n\t\t<div class=\"wpb_wrapper\">\n\t\t\t<ul>\n<li class=\"blu\"><span class=\"numero\">1<\/span> Bestpreisgarantie<\/li>\n<li><span class=\"numero\">2<\/span> Kostenlose Stornierung &#8230; Immer !<\/li>\n<li><span class=\"numero\">3<\/span> Kostenloses Fr\u00fchst\u00fcck<\/li>\n<li><span class=\"numero\">4<\/span> Garda Promotion Card kostenlos<\/li>\n<li><span class=\"numero\">5<\/span> Kostenlose Parkpl\u00e4tze<\/li>\n<\/ul>\n\n\t\t<\/div>\n\t<\/div>\n<div class=\"w-btn-wrapper align_left\"><a class=\"w-btn style_outlined color_white icon_none\" href=\"https:\/\/dolomitihotel.net\/de\/unverbindliche-anfrage\/\" style=\"font-size:16px;\"><span class=\"w-btn-label\">ANFRAGE<\/span><\/a><\/div><div class=\"w-btn-wrapper align_left\"><a class=\"w-btn style_solid color_blue icon_none\" href=\"https:\/\/booking.ericsoft.com\/BookingEngine\/book.aspx?idh=1D0BCA8875DF8FA9&#038;lang=de&#038;cur=EUR\" target=\"_blank\" style=\"font-size:16px;\"><span class=\"w-btn-label\">JETZT BUCHEN<\/span><\/a><\/div><\/div><\/div><\/div><\/div><\/div><\/div><\/div><\/div><\/div><\/section><section class=\"l-section wpb_row height_auto width_full fascia-camera\" style=\"border-top-width: 10px !important;border-top-color: #b07d07 !important;border-top-style: solid !important;\"><div class=\"l-section-h i-cf\"><div class=\"g-cols vc_row type_boxes valign_middle\"><div class=\"vc_col-sm-6 wpb_column vc_column_container nopadding\"><div class=\"vc_column-inner\"><div class=\"wpb_wrapper\"><div class=\"w-slider style_none\"><div class=\"w-slider-h\"><div class=\"royalSlider\"><div class=\"rsContent\"><a class=\"rsImg\" data-rsw=\"1024\" data-rsh=\"1024\" data-rsBigImg=\"https:\/\/dolomitihotel.net\/wp-content\/uploads\/2016\/07\/Senza-titolo-1-1.jpg\" href=\"https:\/\/dolomitihotel.net\/wp-content\/uploads\/2016\/07\/Senza-titolo-1-1.jpg\"><\/a><\/div><div class=\"rsContent\"><a class=\"rsImg\" data-rsw=\"1024\" data-rsh=\"1024\" data-rsBigImg=\"https:\/\/dolomitihotel.net\/wp-content\/uploads\/2016\/07\/1200x1200-deluxe-01.jpg\" href=\"https:\/\/dolomitihotel.net\/wp-content\/uploads\/2016\/07\/1200x1200-deluxe-01-1024x1024.jpg\"><\/a><\/div><div class=\"rsContent\"><a class=\"rsImg\" data-rsw=\"1024\" data-rsh=\"1024\" data-rsBigImg=\"https:\/\/dolomitihotel.net\/wp-content\/uploads\/2016\/07\/Senza-titolo-3-1.jpg\" href=\"https:\/\/dolomitihotel.net\/wp-content\/uploads\/2016\/07\/Senza-titolo-3-1.jpg\"><\/a><\/div><div class=\"rsContent\"><a class=\"rsImg\" data-rsw=\"1024\" data-rsh=\"1024\" data-rsBigImg=\"https:\/\/dolomitihotel.net\/wp-content\/uploads\/2016\/07\/DOPPIA-HOTEL-DOLOMITI.jpg\" href=\"https:\/\/dolomitihotel.net\/wp-content\/uploads\/2016\/07\/DOPPIA-HOTEL-DOLOMITI.jpg\"><\/a><\/div><div class=\"rsContent\"><a class=\"rsImg\" data-rsw=\"1024\" data-rsh=\"1024\" data-rsBigImg=\"https:\/\/dolomitihotel.net\/wp-content\/uploads\/2016\/07\/DOPPIA-HOTEL-DOLOMITI-2.jpg\" href=\"https:\/\/dolomitihotel.net\/wp-content\/uploads\/2016\/07\/DOPPIA-HOTEL-DOLOMITI-2.jpg\"><\/a><\/div><div class=\"rsContent\"><a class=\"rsImg\" data-rsw=\"1024\" data-rsh=\"1024\" data-rsBigImg=\"https:\/\/dolomitihotel.net\/wp-content\/uploads\/2016\/07\/Senza-titolo-1-4.jpg\" href=\"https:\/\/dolomitihotel.net\/wp-content\/uploads\/2016\/07\/Senza-titolo-1-4.jpg\"><\/a><\/div><\/div><img src=\"https:\/\/dolomitihotel.net\/wp-content\/uploads\/2016\/07\/Senza-titolo-1-1.jpg\" alt=\"\"><\/div><div class=\"w-slider-json\" onclick='return {&quot;transitionSpeed&quot;:300,&quot;loopRewind&quot;:true,&quot;slidesSpacing&quot;:0,&quot;imageScalePadding&quot;:0,&quot;numImagesToPreload&quot;:2,&quot;arrowsNav&quot;:true,&quot;arrowsNavAutoHide&quot;:false,&quot;transitionType&quot;:&quot;move&quot;,&quot;block&quot;:{&quot;moveEffect&quot;:&quot;none&quot;,&quot;speed&quot;:300},&quot;controlNavigation&quot;:&quot;none&quot;,&quot;fullscreen&quot;:{&quot;enabled&quot;:true},&quot;imageScaleMode&quot;:&quot;fit-if-smaller&quot;,&quot;autoScaleSlider&quot;:true,&quot;autoScaleSliderWidth&quot;:1024,&quot;autoScaleSliderHeight&quot;:1024,&quot;fitInViewport&quot;:false}'><\/div><\/div><\/div><\/div><\/div><div class=\"vc_col-sm-6 wpb_column vc_column_container\"><div class=\"vc_column-inner  vc_custom_1486742144081\"><div class=\"wpb_wrapper\">\n\t<div class=\"wpb_text_column  camera-text\">\n\t\t<div class=\"wpb_wrapper\">\n\t\t\t<h2>Deluxe\u00a0 Doppel und Dreibett Zimmer<\/h2>\n<h4>20\/25 m\u00b2 \u2013 neu renoviert, seit dem Jahr 2016 auch Zimmer mit Balkon.<\/h4>\n<p><strong>PLUS UND KOMFORT:<\/strong> modern ausgestattet mit Parkettboden, Smart TV 42 &#8220;.<br \/>\n<strong>BELEGUNG:<\/strong> als Doppel- oder Dreibettzimmer.<br \/>\n<strong>BETTEN:<\/strong> Zimmer mit Doppelbett oder zwei Einzelbetten und ein drittes Bett (Zustellbett).\u00a0Neue hypoallergene Matratzen mit differenzierter R\u00fcckenunterst\u00fctzung.<\/p>\n<p><strong>FUNKTIONEN UND DIENSTE:<\/strong> Alle Deluxe sind mit Smart TV 42 &#8220;ausgestattet, Wi-Fi, einige mit Balkon, Telefon, Radio, Safe, Klimaanlage , K\u00fchlschrank, Schreibtisch, Heizung, allergikerfreundlich.<br \/>\n<strong>B\u00c4DER:<\/strong> Alle Badezimmer mit Fenster, Dusche, WC, Bidet, Haartrockner, Toilettenartikel.<\/p>\n\n\t\t<\/div>\n\t<\/div>\n<div class=\"g-cols wpb_row type_default valign_top vc_inner blocco-disintermediazione-camera  vc_custom_1469195342817\"><div class=\"vc_col-sm-12 wpb_column vc_column_container\"><div class=\"vc_column-inner\"><div class=\"wpb_wrapper\">\n\t<div class=\"wpb_text_column \">\n\t\t<div class=\"wpb_wrapper\">\n\t\t\t<ul>\n<li class=\"blu\"><span class=\"numero\">1<\/span> Bestpreisgarantie<\/li>\n<li><span class=\"numero\">2<\/span> Kostenlose Stornierung &#8230; Immer !<\/li>\n<li><span class=\"numero\">3<\/span> Kostenloses Fr\u00fchst\u00fcck<\/li>\n<li><span class=\"numero\">4<\/span> Garda Promotion Card kostenlos<\/li>\n<li><span class=\"numero\">5<\/span> Kostenlose Parkpl\u00e4tze<\/li>\n<\/ul>\n\n\t\t<\/div>\n\t<\/div>\n<div class=\"w-btn-wrapper align_left\"><a class=\"w-btn style_outlined color_white icon_none\" href=\"https:\/\/dolomitihotel.net\/de\/unverbindliche-anfrage\/\" style=\"font-size:16px;\"><span class=\"w-btn-label\">ANFRAGE<\/span><\/a><\/div><div class=\"w-btn-wrapper align_left\"><a class=\"w-btn style_solid color_blue icon_none\" href=\"https:\/\/booking.ericsoft.com\/BookingEngine\/book.aspx?idh=1D0BCA8875DF8FA9&#038;lang=de&#038;cur=EUR\" target=\"_blank\" style=\"font-size:16px;\"><span class=\"w-btn-label\">JETZT BUCHEN<\/span><\/a><\/div><\/div><\/div><\/div><\/div><\/div><\/div><\/div><\/div><\/div><\/section><section class=\"l-section wpb_row height_auto with_img\" style=\"border-top-width: 10px !important;border-top-color: #b07d07 !important;border-top-style: solid !important;\"><div class=\"l-section-img\" style=\"background-image: url(https:\/\/dolomitihotel.net\/wp-content\/uploads\/2016\/07\/1920-parallax-prefooter-04.jpg);background-repeat: no-repeat;\" data-img-width=\"1920\" data-img-height=\"1280\"><\/div><div class=\"l-section-h i-cf\"><div class=\"g-cols vc_row type_boxes valign_bottom\"><div class=\"vc_col-sm-6 wpb_column vc_column_container nopadding\"><div class=\"vc_column-inner\"><div class=\"wpb_wrapper\"><div class=\"ult-spacer spacer-69f7918a9b2ba\" data-id=\"69f7918a9b2ba\" data-height=\"700\" data-height-mobile=\"50\" data-height-tab=\"150\" data-height-tab-portrait=\"100\" data-height-mobile-landscape=\"50\" style=\"clear:both;display:block;\"><\/div><div class=\"g-cols wpb_row type_default valign_top vc_inner box-trasp-giallo-largo \"><div class=\"vc_col-sm-12 wpb_column vc_column_container\"><div class=\"vc_column-inner\"><div class=\"wpb_wrapper\">\n\t<div class=\"wpb_text_column \">\n\t\t<div class=\"wpb_wrapper\">\n\t\t\t<h2>DIE UMGEBUNG<\/h2>\n<p>Die Scaliger Burg von Malcesine, nur wenige Gehminuten vom Hotel entfernt sichtbar von einigen Zimmern, \u00f6ffnet seine T\u00fcren f\u00fcr Theaterauff\u00fchrungen, Konzerte und Kunstausstellungen.<\/p>\n\n\t\t<\/div>\n\t<\/div>\n<\/div><\/div><\/div><\/div><\/div><\/div><\/div><div class=\"vc_col-sm-6 wpb_column vc_column_container\"><div class=\"vc_column-inner\"><div class=\"wpb_wrapper\"><\/div><\/div><\/div><\/div><\/div><\/section>\n","protected":false},"excerpt":{"rendered":"[rev_slider_vc alias=\"camere\"] Suiten mit oder ohne Balkon und K\u00fcchenzeile 28\/32 m\u00b2 \u2013 neu eingerichtete Zimmer, gro\u00dfe Fenster, mit Blick auf die Altstadt oder gro\u00dfz\u00fcgigem Balkon PLUS UND KOMFORT: modern ausgestattete K\u00fcchenecke , Wohnzimmer mit Tisch und St\u00fchlen, 2 Smart Satelliten-TV 42 \", Parkettboden. BELEGUNG: bis zu 3 Erwachsene oder 2 Erwachsene und 2 Kinder BETTEN:...","protected":false},"author":1,"featured_media":0,"parent":0,"menu_order":0,"comment_status":"closed","ping_status":"closed","template":"","meta":{"inline_featured_image":false},"_links":{"self":[{"href":"https:\/\/dolomitihotel.net\/de\/wp-json\/wp\/v2\/pages\/674"}],"collection":[{"href":"https:\/\/dolomitihotel.net\/de\/wp-json\/wp\/v2\/pages"}],"about":[{"href":"https:\/\/dolomitihotel.net\/de\/wp-json\/wp\/v2\/types\/page"}],"author":[{"embeddable":true,"href":"https:\/\/dolomitihotel.net\/de\/wp-json\/wp\/v2\/users\/1"}],"replies":[{"embeddable":true,"href":"https:\/\/dolomitihotel.net\/de\/wp-json\/wp\/v2\/comments?post=674"}],"version-history":[{"count":11,"href":"https:\/\/dolomitihotel.net\/de\/wp-json\/wp\/v2\/pages\/674\/revisions"}],"predecessor-version":[{"id":1455,"href":"https:\/\/dolomitihotel.net\/de\/wp-json\/wp\/v2\/pages\/674\/revisions\/1455"}],"wp:attachment":[{"href":"https:\/\/dolomitihotel.net\/de\/wp-json\/wp\/v2\/media?parent=674"}],"curies":[{"name":"wp","href":"https:\/\/api.w.org\/{rel}","templated":true}]}}