{"id":683,"date":"2016-10-21T09:57:45","date_gmt":"2016-10-21T09:57:45","guid":{"rendered":"https:\/\/dolomitihotel.net\/de\/?page_id=683"},"modified":"2026-01-30T12:59:59","modified_gmt":"2026-01-30T12:59:59","slug":"fruehstueck","status":"publish","type":"page","link":"https:\/\/dolomitihotel.net\/de\/fruehstueck\/","title":{"rendered":"Fr\u00fchst\u00fcck"},"content":{"rendered":"<section class=\"l-section wpb_row height_auto width_full\"><div class=\"l-section-h i-cf\"><div class=\"g-cols vc_row type_default valign_middle\"><div class=\"vc_col-sm-12 wpb_column vc_column_container\"><div class=\"vc_column-inner\"><div class=\"wpb_wrapper\">[rev_slider_vc alias=&#8221;colazione&#8221;]<\/div><\/div><\/div><\/div><\/div><\/section><section class=\"l-section wpb_row height_medium\"><div class=\"l-section-h i-cf\"><div class=\"g-cols vc_row type_default valign_middle\"><div class=\"vc_col-sm-6 wpb_column vc_column_container\"><div class=\"vc_column-inner\"><div class=\"wpb_wrapper\">\n\t<div class=\"wpb_text_column \">\n\t\t<div class=\"wpb_wrapper\">\n\t\t\t<h1>AM BUFFET<\/h1>\n<p>Nur ausgew\u00e4hlte Produkte zum Fr\u00fchst\u00fcck. <strong>Hausgemachtes Brot und Geb\u00e4ck,<\/strong> frisch geschnittene Aufschnitte, <strong>Mozzarella-Tomaten-Caprese<\/strong> bei Verf\u00fcgbarkeit auch aus dem Garten und <strong>frischer Obstsalat<\/strong> sind nur einige der ausgew\u00e4hlten <strong>Fr\u00fchst\u00fccksprodukte<\/strong>.<\/p>\n<p><strong>Verpackte Produkte:<\/strong> Joghurt, Marmeladen und andere verpackte Produkte werden alle als Einzelportionen angeboten. Jede Portion gibt Herkunft, Hersteller, Haltbarkeitsdatum, Zutaten und Allergene an. Fruchts\u00e4fte werden in der Originalflasche serviert. Wasser bleibt in Glasflaschen, und alle Getr\u00e4nke werden in Thermo-Tabletts bei der richtigen Temperatur gehalten.<\/p>\n\n\t\t<\/div>\n\t<\/div>\n<div class=\"w-image align_center\"><div class=\"w-image-h\"><img width=\"400\" height=\"120\" src=\"https:\/\/dolomitihotel.net\/wp-content\/uploads\/2016\/07\/marchi-colazione.png\" class=\"attachment-large size-large\" alt=\"\" loading=\"lazy\" srcset=\"https:\/\/dolomitihotel.net\/wp-content\/uploads\/2016\/07\/marchi-colazione.png 400w, https:\/\/dolomitihotel.net\/wp-content\/uploads\/2016\/07\/marchi-colazione-300x90.png 300w\" sizes=\"(max-width: 400px) 100vw, 400px\" \/><\/div><\/div><\/div><\/div><\/div><div class=\"vc_col-sm-6 wpb_column vc_column_container ramo\"><div class=\"vc_column-inner\"><div class=\"wpb_wrapper\"><div class=\"g-cols wpb_row type_default valign_top vc_inner blocco-disintermediazione \"><div class=\"vc_col-sm-12 wpb_column vc_column_container\"><div class=\"vc_column-inner\"><div class=\"wpb_wrapper\">\n\t<div class=\"wpb_text_column \">\n\t\t<div class=\"wpb_wrapper\">\n\t\t\t<h2>Nur bei Buchung \u00fcber diese Website<\/h2>\n\n\t\t<\/div>\n\t<\/div>\n\n\t<div class=\"wpb_text_column \">\n\t\t<div class=\"wpb_wrapper\">\n\t\t\t<ul>\n<li><span class=\"numero\">1<\/span> Bestpreis garantiert<\/li>\n<li><span class=\"numero\">2<\/span> Kostenlose Stornierung\u2026 Immer!<\/li>\n<li class=\"blu\"><span class=\"numero\">3<\/span> Fr\u00fchst\u00fcck im Preis inbegriffen<\/li>\n<li><span class=\"numero\">4<\/span> Garda Promotion Card als Geschenk<\/li>\n<li><span class=\"numero\">5<\/span> Kostenloses Parken 600 Meter vom Hotel entfernt<\/li>\n<\/ul>\n\n\t\t<\/div>\n\t<\/div>\n<div class=\"w-btn-wrapper align_right\"><a class=\"w-btn style_solid color_blue icon_none\" href=\"https:\/\/dolomitihotel.net\/de\/info\/\" style=\"font-size:16px;\"><span class=\"w-btn-label\">Buchungsbonus<\/span><\/a><\/div><\/div><\/div><\/div><\/div><\/div><\/div><\/div><\/div><\/div><\/section><section class=\"l-section wpb_row height_auto with_img parallax_ver\" style=\"padding-top: 400px !important;\"><div class=\"l-section-img\" style=\"background-image: url(https:\/\/dolomitihotel.net\/wp-content\/uploads\/2016\/07\/1920-parallax-colazione.jpg);background-repeat: no-repeat;\" data-img-width=\"1920\" data-img-height=\"1280\"><\/div><div class=\"l-section-h i-cf\"><div class=\"g-cols vc_row type_boxes valign_bottom\"><div class=\"vc_col-sm-4 wpb_column vc_column_container nopadding\"><div class=\"vc_column-inner\"><div class=\"wpb_wrapper\"><div class=\"ult-spacer spacer-69f791c24861c\" data-id=\"69f791c24861c\" data-height=\"550\" data-height-mobile=\"50\" data-height-tab=\"150\" data-height-tab-portrait=\"100\" data-height-mobile-landscape=\"50\" style=\"clear:both;display:block;\"><\/div><div class=\"g-cols wpb_row type_default valign_top vc_inner box-trasp-giallo \"><div class=\"vc_col-sm-12 wpb_column vc_column_container\"><div class=\"vc_column-inner\"><div class=\"wpb_wrapper\">\n\t<div class=\"wpb_text_column \">\n\t\t<div class=\"wpb_wrapper\">\n\t\t\t<h2>DIE ALTEN R\u00c4UME<\/h2>\n<p>Drei separate R\u00e4ume sind f\u00fcr das Fr\u00fchst\u00fcck vorgesehen. Sie zeichnen sich durch Tonnengew\u00f6lbe und Steinmauern aus, typisch f\u00fcr alte St\u00e4lle, in denen man sich Mitte des letzten Jahrhunderts an kalten Winterabenden versammelte.<\/p>\n\n\t\t<\/div>\n\t<\/div>\n<\/div><\/div><\/div><\/div><\/div><\/div><\/div><div class=\"vc_col-sm-4 wpb_column vc_column_container\"><div class=\"vc_column-inner\"><div class=\"wpb_wrapper\"><\/div><\/div><\/div><div class=\"vc_col-sm-4 wpb_column vc_column_container\"><div class=\"vc_column-inner\"><div class=\"wpb_wrapper\"><\/div><\/div><\/div><\/div><\/div><\/section><section class=\"l-section wpb_row height_auto width_full color_custom\" style=\" color: #ffffff;border-top-width: 10px !important;padding-bottom: 10px !important;border-top-color: #ffffff !important;border-top-style: solid !important;\"><div class=\"l-section-h i-cf\"><div class=\"g-cols vc_row type_boxes valign_middle\"><div class=\"vc_col-sm-6 wpb_column vc_column_container has-fill\"><div class=\"vc_column-inner  vc_custom_1469432438270\"><div class=\"wpb_wrapper\"><div class=\"ult-spacer spacer-69f791c24894d\" data-id=\"69f791c24894d\" data-height=\"300\" data-height-mobile=\"300\" data-height-tab=\"300\" data-height-tab-portrait=\"300\" data-height-mobile-landscape=\"300\" style=\"clear:both;display:block;\"><\/div><\/div><\/div><\/div><div class=\"vc_col-sm-6 wpb_column vc_column_container nopadding\"><div class=\"vc_column-inner  vc_custom_1469432204161\"><div class=\"wpb_wrapper\"><div class=\"g-cols wpb_row type_boxes valign_middle vc_inner  vc_custom_1641981620198\"><div class=\"vc_col-sm-12 wpb_column vc_column_container nopadding\"><div class=\"vc_column-inner\"><div class=\"wpb_wrapper\">\n\t<div class=\"wpb_text_column \">\n\t\t<div class=\"wpb_wrapper\">\n\t\t\t<h2>FRISCH &amp; HAUSGEMACHT<\/h2>\n<p>Viele der zum Fr\u00fchst\u00fcck servierten Produkte dunkles Brot, Zwiebelbrot, s\u00fc\u00dfer Hefezopf, Karottenkuchen, Apfelkuchen und Schokoladenmuffins, <strong>sind hausgemacht.<\/strong> Speck, Salami, Schinken und K\u00e4se werden frisch geschnitten.<\/p>\n<p>Am Buffet steht immer ein Krug mit kalt gepresstem <strong>Fruchtsaft<\/strong> bereit.<\/p>\n<p><strong>Weniger Industrieprodukte f\u00fcr ein ges\u00fcnderes und authentischeres Fr\u00fchst\u00fcck!<\/strong><\/p>\n\n\t\t<\/div>\n\t<\/div>\n<\/div><\/div><\/div><\/div><div class=\"g-cols wpb_row type_boxes valign_bottom vc_inner  vc_custom_1469432233899\"><div class=\"vc_col-sm-12 wpb_column vc_column_container nopadding\"><div class=\"vc_column-inner\"><div class=\"wpb_wrapper\">\n\t<div class=\"wpb_text_column \">\n\t\t<div class=\"wpb_wrapper\">\n\t\t\t<h2>FR\u00dcHST\u00dcCK IM FREIEN<\/h2>\n<p>Sie k\u00f6nnen das Fr\u00fchst\u00fcck im Freien unter der \u00fcppigen, weinberankten Pergola neben den Fr\u00fchst\u00fccksr\u00e4umen genie\u00dfen. Ein wahrhaftiger Ruhe- und Entspannungsort f\u00fcr Natur- und Gr\u00fcnliebhaber.<\/p>\n<p>Ein entspannender Bereich, um im Schatten der Weinrebe zu verweilen.<\/p>\n\n\t\t<\/div>\n\t<\/div>\n<\/div><\/div><\/div><\/div><\/div><\/div><\/div><\/div><\/div><\/section><!-- Row Backgrounds --><div class=\"upb_color\" data-bg-override=\"0\" data-bg-color=\"#5d3a2b\" data-fadeout=\"\" data-fadeout-percentage=\"30\" data-parallax-content=\"\" data-parallax-content-sense=\"30\" data-row-effect-mobile-disable=\"true\" data-img-parallax-mobile-disable=\"true\" data-rtl=\"false\"  data-custom-vc-row=\"\"  data-vc=\"5.4.7\"  data-is_old_vc=\"\"  data-theme-support=\"\"   data-overlay=\"false\" data-overlay-color=\"\" data-overlay-pattern=\"\" data-overlay-pattern-opacity=\"\" data-overlay-pattern-size=\"\"    ><\/div><section class=\"l-section wpb_row height_auto with_img\" style=\"padding-top: 400px !important;\"><div class=\"l-section-img\" style=\"background-image: url(https:\/\/dolomitihotel.net\/wp-content\/uploads\/2016\/08\/spiaggia-malcesine.jpg);background-repeat: no-repeat;\" data-img-width=\"1920\" data-img-height=\"1280\"><\/div><div class=\"l-section-h i-cf\"><div class=\"g-cols vc_row type_boxes valign_bottom\"><div class=\"vc_col-sm-6 wpb_column vc_column_container nopadding\"><div class=\"vc_column-inner\"><div class=\"wpb_wrapper\"><div class=\"ult-spacer spacer-69f791c24913e\" data-id=\"69f791c24913e\" data-height=\"700\" data-height-mobile=\"50\" data-height-tab=\"150\" data-height-tab-portrait=\"100\" data-height-mobile-landscape=\"50\" style=\"clear:both;display:block;\"><\/div><div class=\"g-cols wpb_row type_default valign_top vc_inner box-trasp-giallo-largo \"><div class=\"vc_col-sm-12 wpb_column vc_column_container\"><div class=\"vc_column-inner\"><div class=\"wpb_wrapper\">\n\t<div class=\"wpb_text_column \">\n\t\t<div class=\"wpb_wrapper\">\n\t\t\t<h2>200 METER VOM HOTEL ENTFERNT<\/h2>\n<p>Ein weiteres wundersch\u00f6nes Szenario!<\/p>\n<p><strong>Eintauchen, hinlegen\u2026 und vor allem: entspannen! Sie sind am richtigen Ort.<\/strong><br \/>\nSehr leicht erreichbar, liegt der Strand am Fu\u00dfe des Castello Scaligero.<\/p>\n\n\t\t<\/div>\n\t<\/div>\n<\/div><\/div><\/div><\/div><\/div><\/div><\/div><div class=\"vc_col-sm-6 wpb_column vc_column_container\"><div class=\"vc_column-inner\"><div class=\"wpb_wrapper\"><\/div><\/div><\/div><\/div><\/div><\/section>\n","protected":false},"excerpt":{"rendered":"[rev_slider_vc alias=\"colazione\"] AM BUFFET Nur ausgew\u00e4hlte Produkte zum Fr\u00fchst\u00fcck. Hausgemachtes Brot und Geb\u00e4ck, frisch geschnittene Aufschnitte, Mozzarella-Tomaten-Caprese bei Verf\u00fcgbarkeit auch aus dem Garten und frischer Obstsalat sind nur einige der ausgew\u00e4hlten Fr\u00fchst\u00fccksprodukte. Verpackte Produkte: Joghurt, Marmeladen und andere verpackte Produkte werden alle als Einzelportionen angeboten. Jede Portion gibt Herkunft, Hersteller, Haltbarkeitsdatum, Zutaten und Allergene an....","protected":false},"author":1,"featured_media":0,"parent":0,"menu_order":0,"comment_status":"closed","ping_status":"closed","template":"","meta":{"inline_featured_image":false},"_links":{"self":[{"href":"https:\/\/dolomitihotel.net\/de\/wp-json\/wp\/v2\/pages\/683"}],"collection":[{"href":"https:\/\/dolomitihotel.net\/de\/wp-json\/wp\/v2\/pages"}],"about":[{"href":"https:\/\/dolomitihotel.net\/de\/wp-json\/wp\/v2\/types\/page"}],"author":[{"embeddable":true,"href":"https:\/\/dolomitihotel.net\/de\/wp-json\/wp\/v2\/users\/1"}],"replies":[{"embeddable":true,"href":"https:\/\/dolomitihotel.net\/de\/wp-json\/wp\/v2\/comments?post=683"}],"version-history":[{"count":7,"href":"https:\/\/dolomitihotel.net\/de\/wp-json\/wp\/v2\/pages\/683\/revisions"}],"predecessor-version":[{"id":1506,"href":"https:\/\/dolomitihotel.net\/de\/wp-json\/wp\/v2\/pages\/683\/revisions\/1506"}],"wp:attachment":[{"href":"https:\/\/dolomitihotel.net\/de\/wp-json\/wp\/v2\/media?parent=683"}],"curies":[{"name":"wp","href":"https:\/\/api.w.org\/{rel}","templated":true}]}}