{"id":689,"date":"2016-10-21T10:07:17","date_gmt":"2016-10-21T10:07:17","guid":{"rendered":"https:\/\/dolomitihotel.net\/de\/?page_id=689"},"modified":"2026-01-30T09:42:29","modified_gmt":"2026-01-30T09:42:29","slug":"info","status":"publish","type":"page","link":"https:\/\/dolomitihotel.net\/de\/info\/","title":{"rendered":"Info"},"content":{"rendered":"<section class=\"l-section wpb_row height_auto\"><div class=\"l-section-h i-cf\"><div class=\"g-cols vc_row type_default valign_top\"><div class=\"vc_col-sm-12 wpb_column vc_column_container\"><div class=\"vc_column-inner\"><div class=\"wpb_wrapper\">[rev_slider_vc alias=&#8221;info&#8221;]<\/div><\/div><\/div><\/div><\/div><\/section><section class=\"l-section wpb_row height_medium\"><div class=\"l-section-h i-cf\"><div class=\"g-cols vc_row type_default valign_top\"><div class=\"vc_col-sm-12 wpb_column vc_column_container\"><div class=\"vc_column-inner\"><div class=\"wpb_wrapper\">\n\t<div class=\"wpb_text_column \">\n\t\t<div class=\"wpb_wrapper\">\n\t\t\t<h1 style=\"text-align: center;\">Gute Gr\u00fcnde, auf dieser Website zu buchen<\/h1>\n\n\t\t<\/div>\n\t<\/div>\n<\/div><\/div><\/div><\/div><\/div><\/section><section class=\"l-section wpb_row height_small\"><div class=\"l-section-h i-cf\"><div class=\"g-cols vc_row type_default valign_top\"><div class=\"vc_col-sm-6 wpb_column vc_column_container\"><div class=\"vc_column-inner\"><div class=\"wpb_wrapper\"><div class=\"g-cols wpb_row type_default valign_top vc_inner \"><div class=\"vc_col-sm-4 wpb_column vc_column_container\"><div class=\"vc_column-inner\"><div class=\"wpb_wrapper\"><div class=\"w-image align_center\"><div class=\"w-image-h\"><img width=\"250\" height=\"250\" src=\"https:\/\/dolomitihotel.net\/wp-content\/uploads\/2016\/07\/ico-caldel.png\" class=\"attachment-medium size-medium\" alt=\"\" loading=\"lazy\" srcset=\"https:\/\/dolomitihotel.net\/wp-content\/uploads\/2016\/07\/ico-caldel.png 250w, https:\/\/dolomitihotel.net\/wp-content\/uploads\/2016\/07\/ico-caldel-150x150.png 150w\" sizes=\"(max-width: 250px) 100vw, 250px\" \/><\/div><\/div><\/div><\/div><\/div><div class=\"vc_col-sm-8 wpb_column vc_column_container\"><div class=\"vc_column-inner\"><div class=\"wpb_wrapper\">\n\t<div class=\"wpb_text_column \">\n\t\t<div class=\"wpb_wrapper\">\n\t\t\t<h3>Kostenlose Stornierung\u2026 Immer!<\/h3>\n<p><strong>Die Stornierung<\/strong> einer Buchung \u00fcber die offizielle Website <strong>ist immer kostenlos<\/strong> \u2014 auch bei kurzfristigen Stornierungen.<br \/>\n<strong>Es werden in keinem Fall Stornogeb\u00fchren berechnet.<\/strong><\/p>\n<h2><\/h2>\n\n\t\t<\/div>\n\t<\/div>\n<\/div><\/div><\/div><\/div><\/div><\/div><\/div><div class=\"vc_col-sm-6 wpb_column vc_column_container\"><div class=\"vc_column-inner\"><div class=\"wpb_wrapper\"><div class=\"g-cols wpb_row type_default valign_top vc_inner \"><div class=\"vc_col-sm-4 wpb_column vc_column_container\"><div class=\"vc_column-inner\"><div class=\"wpb_wrapper\"><div class=\"w-image align_center\"><div class=\"w-image-h\"><img width=\"250\" height=\"250\" src=\"https:\/\/dolomitihotel.net\/wp-content\/uploads\/2016\/07\/ico-ok.png\" class=\"attachment-medium size-medium\" alt=\"\" loading=\"lazy\" srcset=\"https:\/\/dolomitihotel.net\/wp-content\/uploads\/2016\/07\/ico-ok.png 250w, https:\/\/dolomitihotel.net\/wp-content\/uploads\/2016\/07\/ico-ok-150x150.png 150w\" sizes=\"(max-width: 250px) 100vw, 250px\" \/><\/div><\/div><\/div><\/div><\/div><div class=\"vc_col-sm-8 wpb_column vc_column_container\"><div class=\"vc_column-inner\"><div class=\"wpb_wrapper\">\n\t<div class=\"wpb_text_column \">\n\t\t<div class=\"wpb_wrapper\">\n\t\t\t<h3>Beste Online-Rate<\/h3>\n<p>Die \u00fcber unser Buchungssystem angebotenen Preise sind immer die besten verf\u00fcgbaren.<br \/>\n<strong>Es lohnt sich nicht, anderswo zu suchen.<\/strong><\/p>\n\n\t\t<\/div>\n\t<\/div>\n<\/div><\/div><\/div><\/div><\/div><\/div><\/div><\/div><\/div><\/section><section class=\"l-section wpb_row height_small\"><div class=\"l-section-h i-cf\"><div class=\"g-cols vc_row type_default valign_top\"><div class=\"vc_col-sm-6 wpb_column vc_column_container\"><div class=\"vc_column-inner\"><div class=\"wpb_wrapper\"><div class=\"g-cols wpb_row type_default valign_top vc_inner \"><div class=\"vc_col-sm-4 wpb_column vc_column_container\"><div class=\"vc_column-inner\"><div class=\"wpb_wrapper\"><div class=\"w-image align_center\"><div class=\"w-image-h\"><img width=\"250\" height=\"250\" src=\"https:\/\/dolomitihotel.net\/wp-content\/uploads\/2016\/07\/ico-colazione.png\" class=\"attachment-medium size-medium\" alt=\"\" loading=\"lazy\" srcset=\"https:\/\/dolomitihotel.net\/wp-content\/uploads\/2016\/07\/ico-colazione.png 250w, https:\/\/dolomitihotel.net\/wp-content\/uploads\/2016\/07\/ico-colazione-150x150.png 150w\" sizes=\"(max-width: 250px) 100vw, 250px\" \/><\/div><\/div><\/div><\/div><\/div><div class=\"vc_col-sm-8 wpb_column vc_column_container\"><div class=\"vc_column-inner\"><div class=\"wpb_wrapper\">\n\t<div class=\"wpb_text_column \">\n\t\t<div class=\"wpb_wrapper\">\n\t\t\t<h3>Fr\u00fchst\u00fcck inklusive<\/h3>\n<p><strong>Auf dieser Website ist das Fr\u00fchst\u00fccksbuffet immer im Preis inbegriffen,<\/strong> im Gegensatz zu anderen Buchungsportalen.<\/p>\n\n\t\t<\/div>\n\t<\/div>\n<\/div><\/div><\/div><\/div><\/div><\/div><\/div><div class=\"vc_col-sm-6 wpb_column vc_column_container\"><div class=\"vc_column-inner\"><div class=\"wpb_wrapper\"><div class=\"g-cols wpb_row type_default valign_top vc_inner \"><div class=\"vc_col-sm-4 wpb_column vc_column_container\"><div class=\"vc_column-inner\"><div class=\"wpb_wrapper\"><div class=\"w-image align_center\"><div class=\"w-image-h\"><img width=\"250\" height=\"250\" src=\"https:\/\/dolomitihotel.net\/wp-content\/uploads\/2016\/07\/ico-parcheggio.png\" class=\"attachment-medium size-medium\" alt=\"\" loading=\"lazy\" srcset=\"https:\/\/dolomitihotel.net\/wp-content\/uploads\/2016\/07\/ico-parcheggio.png 250w, https:\/\/dolomitihotel.net\/wp-content\/uploads\/2016\/07\/ico-parcheggio-150x150.png 150w\" sizes=\"(max-width: 250px) 100vw, 250px\" \/><\/div><\/div><\/div><\/div><\/div><div class=\"vc_col-sm-8 wpb_column vc_column_container\"><div class=\"vc_column-inner\"><div class=\"wpb_wrapper\">\n\t<div class=\"wpb_text_column \">\n\t\t<div class=\"wpb_wrapper\">\n\t\t\t<h3>Parkm\u00f6glichkeiten<\/h3>\n<ul>\n<li><strong>Kostenlos<\/strong>: \u00a0Verf\u00fcgbar in unserem <strong>privaten Olivenhain,<\/strong> etwa 600 Meter vom Hotel entfernt.<br \/>\nIdeal f\u00fcr G\u00e4ste, die Ruhe und Ersparnis suchen.<\/li>\n<li><strong>Im Hotel<\/strong> (Premium): Parkplatz direkt am Hotel zum Preis<strong> von \u20ac30 pro Nacht.<\/strong><br \/>\n<em><strong>Plus: Der Tarif beinhaltet eine vollst\u00e4ndige Aufladung Ihres Elektroautos.<\/strong><\/em><\/li>\n<\/ul>\n\n\t\t<\/div>\n\t<\/div>\n<\/div><\/div><\/div><\/div><\/div><\/div><\/div><\/div><\/div><\/section><section class=\"l-section wpb_row height_auto width_full color_custom\" style=\"background-color: #777819; color: #ffffff;\"><div class=\"l-section-h i-cf\"><div class=\"g-cols vc_row type_boxes valign_bottom\"><div class=\"vc_col-sm-6 wpb_column vc_column_container\"><div class=\"vc_column-inner\"><div class=\"wpb_wrapper\">\n\t<div class=\"wpb_text_column \">\n\t\t<div class=\"wpb_wrapper\">\n\t\t\t<h3 style=\"text-align: center;\">Kostenlose Garda Promotion Card<\/h3>\n<p style=\"text-align: center;\"><strong>Erm\u00e4\u00dfigungen auf den lokalen \u00f6ffentlichen Nahverkehr<\/strong> (Bushaltestelle 50 Meter vom Hotel entfernt), <strong>auf die Schifffahrt auf dem Gardasee sowie auf die Seilbahnen am Monte Baldo.<\/strong><br \/>\nErm\u00e4\u00dfigte Eintritte in die <strong>Freizeitparks am Gardasee<\/strong> und viele weitere Sehensw\u00fcrdigkeiten.<\/p>\n<p style=\"text-align: center;\"><strong>Fragen Sie bei Ihrer Ankunft an der Rezeption danach!<\/strong><\/p>\n\n\t\t<\/div>\n\t<\/div>\n<\/div><\/div><\/div><div class=\"vc_col-sm-6 wpb_column vc_column_container has-fill nopadding\"><div class=\"vc_column-inner  vc_custom_1526919723605\"><div class=\"wpb_wrapper\"><div class=\"ult-spacer spacer-69f781c3d284b\" data-id=\"69f781c3d284b\" data-height=\"150\" data-height-mobile=\"150\" data-height-tab=\"150\" data-height-tab-portrait=\"150\" data-height-mobile-landscape=\"150\" style=\"clear:both;display:block;\"><\/div><div class=\"w-image align_left i200\"><div class=\"w-image-h\"><img width=\"1024\" height=\"635\" src=\"https:\/\/dolomitihotel.net\/wp-content\/uploads\/2018\/05\/garda-promotion-card.jpg\" class=\"attachment-full size-full\" alt=\"\" loading=\"lazy\" srcset=\"https:\/\/dolomitihotel.net\/wp-content\/uploads\/2018\/05\/garda-promotion-card.jpg 1024w, https:\/\/dolomitihotel.net\/wp-content\/uploads\/2018\/05\/garda-promotion-card-300x186.jpg 300w, https:\/\/dolomitihotel.net\/wp-content\/uploads\/2018\/05\/garda-promotion-card-768x476.jpg 768w\" sizes=\"(max-width: 1024px) 100vw, 1024px\" \/><\/div><\/div><\/div><\/div><\/div><\/div><\/div><\/section><!-- Row Backgrounds --><div class=\"upb_color\" data-bg-override=\"0\" data-bg-color=\"#777819\" data-fadeout=\"\" data-fadeout-percentage=\"30\" data-parallax-content=\"\" data-parallax-content-sense=\"30\" data-row-effect-mobile-disable=\"true\" data-img-parallax-mobile-disable=\"true\" data-rtl=\"false\"  data-custom-vc-row=\"\"  data-vc=\"5.4.7\"  data-is_old_vc=\"\"  data-theme-support=\"\"   data-overlay=\"false\" data-overlay-color=\"\" data-overlay-pattern=\"\" data-overlay-pattern-opacity=\"\" data-overlay-pattern-size=\"\"    ><\/div><section class=\"l-section wpb_row height_small\"><div class=\"l-section-h i-cf\"><div class=\"g-cols vc_row type_default valign_middle\"><div class=\"vc_col-sm-6 wpb_column vc_column_container\"><div class=\"vc_column-inner\"><div class=\"wpb_wrapper\">\n\t<div class=\"wpb_text_column \">\n\t\t<div class=\"wpb_wrapper\">\n\t\t\t<h3>N\u00fctzliche Informationen<\/h3>\n<p><strong>Check in<\/strong> bis 20:00 Uhr<\/p>\n<p><strong>Check-out:\u00a0<\/strong>bis 10:00 Uhr<br \/>\nAm Abreisetag k\u00f6nnen Sie nach dem Check-out Ihr Gep\u00e4ck im Hotel lassen und d<strong>en Pool sowie die Au\u00dfendusche kostenlos weiter nutzen.<\/strong><\/p>\n<p>Die Rezeption schlie\u00dft um 20:00 Uhr.<\/p>\n\n\t\t<\/div>\n\t<\/div>\n<\/div><\/div><\/div><div class=\"vc_col-sm-6 wpb_column vc_column_container\"><div class=\"vc_column-inner\"><div class=\"wpb_wrapper\">\n\t<div class=\"wpb_text_column \">\n\t\t<div class=\"wpb_wrapper\">\n\t\t\t<h3>Im Preis inbegriffene Leistungen<\/h3>\n<ul>\n<li>Fr\u00fchst\u00fccksbuffet (nur bei Buchung \u00fcber diese Website);<\/li>\n<li>Garda Promotion Card;<\/li>\n<li>Nutzung von Pool und Solarium;<\/li>\n<li>WLAN-Internetverbindung im gesamten Hotel;<\/li>\n<li>Parkplatz 600 m vom Hotel entfernt;<\/li>\n<li>Ladeservice f\u00fcr Elektroautos.<\/li>\n<\/ul>\n\n\t\t<\/div>\n\t<\/div>\n<\/div><\/div><\/div><\/div><\/div><\/section><section class=\"l-section wpb_row height_small width_full\"><div class=\"l-section-h i-cf\"><div class=\"g-cols vc_row type_default valign_top\"><div class=\"vc_col-sm-12 wpb_column vc_column_container\"><div class=\"vc_column-inner\"><div class=\"wpb_wrapper\"><div class=\"w-separator type_default size_medium thick_5 style_solid color_primary align_center\"><div class=\"w-separator-h\"><\/div><\/div><\/div><\/div><\/div><\/div><\/div><\/section>\n","protected":false},"excerpt":{"rendered":"[rev_slider_vc alias=\"info\"] Gute Gr\u00fcnde, auf dieser Website zu buchen Kostenlose Stornierung\u2026 Immer! Die Stornierung einer Buchung \u00fcber die offizielle Website ist immer kostenlos \u2014 auch bei kurzfristigen Stornierungen. Es werden in keinem Fall Stornogeb\u00fchren berechnet. Beste Online-Rate Die \u00fcber unser Buchungssystem angebotenen Preise sind immer die besten verf\u00fcgbaren. Es lohnt sich nicht, anderswo zu suchen....","protected":false},"author":1,"featured_media":0,"parent":0,"menu_order":0,"comment_status":"closed","ping_status":"closed","template":"","meta":{"inline_featured_image":false},"_links":{"self":[{"href":"https:\/\/dolomitihotel.net\/de\/wp-json\/wp\/v2\/pages\/689"}],"collection":[{"href":"https:\/\/dolomitihotel.net\/de\/wp-json\/wp\/v2\/pages"}],"about":[{"href":"https:\/\/dolomitihotel.net\/de\/wp-json\/wp\/v2\/types\/page"}],"author":[{"embeddable":true,"href":"https:\/\/dolomitihotel.net\/de\/wp-json\/wp\/v2\/users\/1"}],"replies":[{"embeddable":true,"href":"https:\/\/dolomitihotel.net\/de\/wp-json\/wp\/v2\/comments?post=689"}],"version-history":[{"count":13,"href":"https:\/\/dolomitihotel.net\/de\/wp-json\/wp\/v2\/pages\/689\/revisions"}],"predecessor-version":[{"id":1495,"href":"https:\/\/dolomitihotel.net\/de\/wp-json\/wp\/v2\/pages\/689\/revisions\/1495"}],"wp:attachment":[{"href":"https:\/\/dolomitihotel.net\/de\/wp-json\/wp\/v2\/media?parent=689"}],"curies":[{"name":"wp","href":"https:\/\/api.w.org\/{rel}","templated":true}]}}