{"id":699,"date":"2016-10-21T12:07:03","date_gmt":"2016-10-21T12:07:03","guid":{"rendered":"https:\/\/dolomitihotel.net\/de\/?page_id=699"},"modified":"2017-07-18T07:44:06","modified_gmt":"2017-07-18T07:44:06","slug":"postkarten-von-malcesine","status":"publish","type":"page","link":"https:\/\/dolomitihotel.net\/de\/postkarten-von-malcesine\/","title":{"rendered":"Postkarten von Malcesine"},"content":{"rendered":"<section class=\"l-section wpb_row height_auto width_full\"><div class=\"l-section-h i-cf\"><div class=\"g-cols vc_row type_default valign_top\"><div class=\"vc_col-sm-12 wpb_column vc_column_container\"><div class=\"vc_column-inner\"><div class=\"wpb_wrapper\">[rev_slider_vc alias=&#8221;malcesine&#8221;]<\/div><\/div><\/div><\/div><\/div><\/section><section class=\"l-section wpb_row height_auto width_full color_custom\" style=\"background-color: #b07d07; color: #f7f3e6;border-top-width: 5px !important;border-top-color: #ffffff !important;border-top-style: solid !important;\"><div class=\"l-section-h i-cf\"><div class=\"g-cols vc_row type_default valign_middle\"><div class=\"vc_col-sm-8 wpb_column vc_column_container has-fill nopadding\"><div class=\"vc_column-inner  vc_custom_1471525577835\"><div class=\"wpb_wrapper\"><div class=\"ult-spacer spacer-69f7837e7480f\" data-id=\"69f7837e7480f\" data-height=\"700\" data-height-mobile=\"300\" data-height-tab=\"\" data-height-tab-portrait=\"\" data-height-mobile-landscape=\"300\" style=\"clear:both;display:block;\"><\/div><\/div><\/div><\/div><div class=\"vc_col-sm-4 wpb_column vc_column_container colonna-text-dx\"><div class=\"vc_column-inner\"><div class=\"wpb_wrapper\">\n\t<div class=\"wpb_text_column \">\n\t\t<div class=\"wpb_wrapper\">\n\t\t\t<h2>DER ORT<\/h2>\n<p>Malcesine ist saisonal ein ruhiger und malerischer Ort, in den Gassen finden Sie noch viele Beispiele architektonischer\u00a0 Vergangenheit, gepaart mit einer Vielzahl von Basaren, Restaurants, Tavernen und Caf\u00e9s.\u00a0 Entdecken Sie ein kleines Paradies am See.<\/p>\n\n\t\t<\/div>\n\t<\/div>\n<\/div><\/div><\/div><\/div><\/div><\/section><section class=\"l-section wpb_row height_auto width_full color_custom\" style=\"background-color: #a57496; color: #ffffff;border-top-width: 5px !important;border-top-color: #ffffff !important;border-top-style: solid !important;\"><div class=\"l-section-h i-cf\"><div class=\"g-cols vc_row type_default valign_middle\"><div class=\"vc_col-sm-4 wpb_column vc_column_container has-fill\"><div class=\"vc_column-inner  vc_custom_1469781950946\"><div class=\"wpb_wrapper\"><div class=\"ult-spacer spacer-69f7837e74ac0\" data-id=\"69f7837e74ac0\" data-height=\"700\" data-height-mobile=\"300\" data-height-tab=\"\" data-height-tab-portrait=\"\" data-height-mobile-landscape=\"300\" style=\"clear:both;display:block;\"><\/div><\/div><\/div><\/div><div class=\"vc_col-sm-4 wpb_column vc_column_container colonna-text-center\"><div class=\"vc_column-inner\"><div class=\"wpb_wrapper\">\n\t<div class=\"wpb_text_column \">\n\t\t<div class=\"wpb_wrapper\">\n\t\t\t<h2>DIE BURG<\/h2>\n<p>Die Geschichte Malcesines dreht sich um die Scaliger-Burg und den Palast der Kapit\u00e4ne des Sees, der Serenissima Venedig.\u00a0Zwei noch lebendige und aktiv genutzte historische Geb\u00e4ude, es finden \u00a0Theaterauff\u00fchrungen, Konzerte und Kunstausstellungen statt.<\/p>\n\n\t\t<\/div>\n\t<\/div>\n<\/div><\/div><\/div><div class=\"vc_col-sm-4 wpb_column vc_column_container has-fill nopadding\"><div class=\"vc_column-inner  vc_custom_1469781651879\"><div class=\"wpb_wrapper\"><div class=\"ult-spacer spacer-69f7837e74c1b\" data-id=\"69f7837e74c1b\" data-height=\"700\" data-height-mobile=\"300\" data-height-tab=\"\" data-height-tab-portrait=\"\" data-height-mobile-landscape=\"300\" style=\"clear:both;display:block;\"><\/div><\/div><\/div><\/div><\/div><\/div><\/section><section class=\"l-section wpb_row height_auto width_full color_custom\" style=\"background-color: #777819; color: #ffffff;border-top-width: 5px !important;border-top-color: #ffffff !important;border-top-style: solid !important;\"><div class=\"l-section-h i-cf\"><div class=\"g-cols vc_row type_default valign_middle\"><div class=\"vc_col-sm-4 wpb_column vc_column_container has-fill nopadding\"><div class=\"vc_column-inner  vc_custom_1469435924015\"><div class=\"wpb_wrapper\"><div class=\"ult-spacer spacer-69f7837e74d38\" data-id=\"69f7837e74d38\" data-height=\"700\" data-height-mobile=\"300\" data-height-tab=\"\" data-height-tab-portrait=\"\" data-height-mobile-landscape=\"300\" style=\"clear:both;display:block;\"><\/div><\/div><\/div><\/div><div class=\"vc_col-sm-4 wpb_column vc_column_container has-fill\"><div class=\"vc_column-inner  vc_custom_1469782432161\"><div class=\"wpb_wrapper\"><div class=\"ult-spacer spacer-69f7837e74db5\" data-id=\"69f7837e74db5\" data-height=\"700\" data-height-mobile=\"300\" data-height-tab=\"\" data-height-tab-portrait=\"\" data-height-mobile-landscape=\"300\" style=\"clear:both;display:block;\"><\/div><\/div><\/div><\/div><div class=\"vc_col-sm-4 wpb_column vc_column_container colonna-text-dx\"><div class=\"vc_column-inner\"><div class=\"wpb_wrapper\">\n\t<div class=\"wpb_text_column \">\n\t\t<div class=\"wpb_wrapper\">\n\t\t\t<h2>MONTE BALDO<\/h2>\n<p>Etwa 200 Meter vom Hotel entfernt befindet sich die Seilbahnstation auf den Monte Baldo.\u00a0In kurzer Zeit erreichen Sie mit einer drehbaren 360 \u00b0 Kabine,\u00a0 in kurzer Zeit die 1700 m hoch gelegene Bergstation des Monte Baldo-Massives mit einer wunderbaren Aussicht und vielen sportlichen M\u00f6glichkeiten. Auch weniger sportliche Besucher k\u00f6nnen auf einem kurzen Weg zu den Aussichtspunkten die spektakul\u00e4re Aussicht in alle Himmelsrichtungen genie\u00dfen.<\/p>\n<p>Im Sommer ist der Monte Baldo das Ziel f\u00fcr Trekking-Liebhaber, Montainbiker und der Startplatz f\u00fcr Paraglider;\u00a0 im Winter f\u00fcr Ski und Snowboard.\u00a0Der Monte Baldo mit\u00a0 einzigartiger Flora und Fauna, seltene Alpenblumen,\u00a0 Sommer-Weide-Tiere,\u00a0 Almh\u00fctten mit lokalen Produkten.<\/p>\n\n\t\t<\/div>\n\t<\/div>\n<\/div><\/div><\/div><\/div><\/div><\/section><section class=\"l-section wpb_row height_auto with_img\" style=\"border-top-width: 5px !important;border-top-color: #ffffff !important;border-top-style: solid !important;\"><div class=\"l-section-img\" style=\"background-image: url(https:\/\/dolomitihotel.net\/wp-content\/uploads\/2016\/07\/Senza-titolo-3-2.jpg);background-repeat: no-repeat;\" data-img-width=\"1920\" data-img-height=\"1280\"><\/div><div class=\"l-section-h i-cf\"><div class=\"g-cols vc_row type_boxes valign_bottom\"><div class=\"vc_col-sm-6 wpb_column vc_column_container nopadding\"><div class=\"vc_column-inner\"><div class=\"wpb_wrapper\"><div class=\"ult-spacer spacer-69f7837e75547\" data-id=\"69f7837e75547\" data-height=\"700\" data-height-mobile=\"50\" data-height-tab=\"150\" data-height-tab-portrait=\"100\" data-height-mobile-landscape=\"50\" style=\"clear:both;display:block;\"><\/div><div class=\"g-cols wpb_row type_default valign_top vc_inner box-trasp-giallo-largo \"><div class=\"vc_col-sm-12 wpb_column vc_column_container\"><div class=\"vc_column-inner\"><div class=\"wpb_wrapper\">\n\t<div class=\"wpb_text_column \">\n\t\t<div class=\"wpb_wrapper\">\n\t\t\t<h2>Wir sind hier! &#8230; Ist es nicht ein sch\u00f6ner Ort sich zu treffen?<\/h2>\n\n\t\t<\/div>\n\t<\/div>\n<\/div><\/div><\/div><\/div><\/div><\/div><\/div><div class=\"vc_col-sm-6 wpb_column vc_column_container\"><div class=\"vc_column-inner\"><div class=\"wpb_wrapper\"><\/div><\/div><\/div><\/div><\/div><\/section>\n","protected":false},"excerpt":{"rendered":"[rev_slider_vc alias=\"malcesine\"] DER ORT Malcesine ist saisonal ein ruhiger und malerischer Ort, in den Gassen finden Sie noch viele Beispiele architektonischer\u00a0 Vergangenheit, gepaart mit einer Vielzahl von Basaren, Restaurants, Tavernen und Caf\u00e9s.\u00a0 Entdecken Sie ein kleines Paradies am See. DIE BURG Die Geschichte Malcesines dreht sich um die Scaliger-Burg und den Palast der Kapit\u00e4ne des...","protected":false},"author":1,"featured_media":0,"parent":0,"menu_order":0,"comment_status":"closed","ping_status":"closed","template":"","meta":{"inline_featured_image":false},"_links":{"self":[{"href":"https:\/\/dolomitihotel.net\/de\/wp-json\/wp\/v2\/pages\/699"}],"collection":[{"href":"https:\/\/dolomitihotel.net\/de\/wp-json\/wp\/v2\/pages"}],"about":[{"href":"https:\/\/dolomitihotel.net\/de\/wp-json\/wp\/v2\/types\/page"}],"author":[{"embeddable":true,"href":"https:\/\/dolomitihotel.net\/de\/wp-json\/wp\/v2\/users\/1"}],"replies":[{"embeddable":true,"href":"https:\/\/dolomitihotel.net\/de\/wp-json\/wp\/v2\/comments?post=699"}],"version-history":[{"count":5,"href":"https:\/\/dolomitihotel.net\/de\/wp-json\/wp\/v2\/pages\/699\/revisions"}],"predecessor-version":[{"id":890,"href":"https:\/\/dolomitihotel.net\/de\/wp-json\/wp\/v2\/pages\/699\/revisions\/890"}],"wp:attachment":[{"href":"https:\/\/dolomitihotel.net\/de\/wp-json\/wp\/v2\/media?parent=699"}],"curies":[{"name":"wp","href":"https:\/\/api.w.org\/{rel}","templated":true}]}}