{"id":708,"date":"2016-10-21T12:19:09","date_gmt":"2016-10-21T12:19:09","guid":{"rendered":"https:\/\/dolomitihotel.net\/de\/?page_id=708"},"modified":"2017-07-18T07:44:06","modified_gmt":"2017-07-18T07:44:06","slug":"tips-von-der-rezeption","status":"publish","type":"page","link":"https:\/\/dolomitihotel.net\/de\/tips-von-der-rezeption\/","title":{"rendered":"Tips von der rezeption"},"content":{"rendered":"<section class=\"l-section wpb_row height_auto width_full\"><div class=\"l-section-h i-cf\"><div class=\"g-cols vc_row type_default valign_top\"><div class=\"vc_col-sm-12 wpb_column vc_column_container\"><div class=\"vc_column-inner\"><div class=\"wpb_wrapper\">[rev_slider_vc alias=&#8221;lago&#8221;]<\/div><\/div><\/div><\/div><\/div><\/section><section class=\"l-section wpb_row height_auto width_full color_custom\" style=\"background-color: #3f9dcc; color: #ffffff;\"><div class=\"l-section-h i-cf\"><div class=\"g-cols vc_row type_default valign_middle\"><div class=\"vc_col-sm-8 wpb_column vc_column_container has-fill\"><div class=\"vc_column-inner  vc_custom_1472550112181\"><div class=\"wpb_wrapper\"><div class=\"ult-spacer spacer-69f791cc85ef9\" data-id=\"69f791cc85ef9\" data-height=\"700\" data-height-mobile=\"300\" data-height-tab=\"\" data-height-tab-portrait=\"\" data-height-mobile-landscape=\"300\" style=\"clear:both;display:block;\"><\/div><\/div><\/div><\/div><div class=\"vc_col-sm-4 wpb_column vc_column_container colonna-text-dx\"><div class=\"vc_column-inner\"><div class=\"wpb_wrapper\">\n\t<div class=\"wpb_text_column \">\n\t\t<div class=\"wpb_wrapper\">\n\t\t\t<h2>AUSFL\u00dcGE AUF DEM SEE<\/h2>\n<p>Verzichten Sie auf den Stau der Stra\u00dfe. Besichtigen Sie die Orte\u00a0 rund um die See mit den F\u00e4hrbooten (Sirmione, Limone, Sal\u00f2, Peschiera, Garda, Bardolino, um nur einige zu nennen).<br \/>\nOrte die am Wasser gewachsen sind, zeigen sich vom Wasser aus von Ihrer sch\u00f6nsten Seite!<br \/>\nEinzel- oder Tagesticket, f\u00fcr jede Tour finden Sie das Richtige.<\/p>\n<p>Segeln Sie mit der &#8220;Siora Veronica&#8221;! Ein historischer 2-Master, liebevoll renoviert, versetzt Sie zur\u00fcck in die Zeit in der alle Waren \u00fcber den See mit diesen Schiffen transportiert wurden. Es werden Ausfl\u00fcge angeboten oder nutzen Sie die Fazination des Segelers um ein besonderes Ereignis zu feiern.<br \/>\nAm Hafen kann man Motorboote mieten.<\/p>\n<p>An der Rezeption:\u00a0PREISE &#8211; UHRZEITEN UND RABATTE MIT GARDA PROMOTION CARD<\/p>\n\n\t\t<\/div>\n\t<\/div>\n<\/div><\/div><\/div><\/div><\/div><\/section><section class=\"l-section wpb_row height_auto width_full color_custom\" style=\"background-color: #b07d07; color: #f7f3e6;\"><div class=\"l-section-h i-cf\"><div class=\"g-cols vc_row type_default valign_middle\"><div class=\"vc_col-sm-6 wpb_column vc_column_container colonna-text-sx\"><div class=\"vc_column-inner\"><div class=\"wpb_wrapper\">\n\t<div class=\"wpb_text_column \">\n\t\t<div class=\"wpb_wrapper\">\n\t\t\t<h2>UFER UND STR\u00c4NDE<\/h2>\n<p>Wir empfehlen Ihnen ein Bad im k\u00fchlen und belebenden Wasser des Gardasees. Der steinige Untergrund des tiefen Sees macht das Wasser klar. Alle Str\u00e4nde sind kostenlos zug\u00e4nglich, Kies oder kleinere und gr\u00f6\u00dfere Steine am Ufer, manchmal mit gr\u00fcnem Gras und schattigen Bereichen durchsetzt.<br \/>\nZu Beginn des n\u00f6rdlichen Seeufer, nur 200 Meter vom Hotel entfernt ist das Strandbad &#8220;Lido Paina&#8221;, mit einer Schwimmplattform im See und Restaurant-Pizzeria. Hier k\u00f6nnen Sie auch Liegest\u00fchle und Sonnenschirme mieten und die fantastische Aussicht auf die Burg genie\u00dfen.<br \/>\nDie Str\u00e4nde im Norden erstrecken sich \u00fcber etwa 5 km mit einzelnen nat\u00fcrlichen Str\u00e4nden wie der Strand &#8220;Retelino&#8221; zu Navene und &#8220;Campagnola&#8221;, wo man in der N\u00e4he von Bars und Lebensmittelgesch\u00e4ften etwas zum Essen und Trinken kaufen kann. Zahlreiche kleine Buchten ideal zum Windsurfen, Kitesurfen und alle Wassersportarten.<br \/>\nDer Weg in S\u00fcden des Ortes\u00a0 f\u00fchrt zu dem &#8220;Val di Sogno&#8221; ca. 2 km vom Zentrum von Malcesine, mit breiten Strand, hier k\u00f6nnen Sie Liegen und Sonnenschirme mieten. Ein paar Meter von der Bucht liegt die \u201cIsola degli Olivi\u201d. Weiter im S\u00fcden die \u201cIsola Trimelone\u201d, ein ausgewiesenes Vogelschutzgebiet.<\/p>\n\n\t\t<\/div>\n\t<\/div>\n<\/div><\/div><\/div><div class=\"vc_col-sm-6 wpb_column vc_column_container has-fill\"><div class=\"vc_column-inner  vc_custom_1474031366450\"><div class=\"wpb_wrapper\"><div class=\"ult-spacer spacer-69f791cc863bb\" data-id=\"69f791cc863bb\" data-height=\"700\" data-height-mobile=\"300\" data-height-tab=\"\" data-height-tab-portrait=\"\" data-height-mobile-landscape=\"300\" style=\"clear:both;display:block;\"><\/div><\/div><\/div><\/div><\/div><\/div><\/section><section class=\"l-section wpb_row height_auto width_full\" style=\"margin-right: 0px !important;margin-left: 0px !important;border-top-width: 10px !important;border-top-color: #b07d07 !important;border-top-style: solid !important;\"><div class=\"l-section-h i-cf\"><div class=\"g-cols vc_row type_boxes valign_bottom\"><div class=\"vc_col-sm-4 wpb_column vc_column_container has-fill\"><div class=\"vc_column-inner  vc_custom_1474030553269\"><div class=\"wpb_wrapper\"><div class=\"ult-spacer spacer-69f791cc86593\" data-id=\"69f791cc86593\" data-height=\"350\" data-height-mobile=\"100\" data-height-tab=\"\" data-height-tab-portrait=\"\" data-height-mobile-landscape=\"100\" style=\"clear:both;display:block;\"><\/div>\n\t<div class=\"wpb_text_column  overlay-blu\">\n\t\t<div class=\"wpb_wrapper\">\n\t\t\t<h2>WASSER<\/h2>\n<p>Durch seine geographische Lage, im n\u00f6rdlichen Teil umgeben von\u00a0 Bergen und den thermischen Winden ist Malcesine ein idealer Ausgangsort f\u00fcr viele Sportarten.<br \/>\nSegeln, Surfen, Kite-Surfen, SUP, Kanufahren, Schwimmen, Tauchen, Angeln, Canyoning.<\/p>\n\n\t\t<\/div>\n\t<\/div>\n<\/div><\/div><\/div><div class=\"vc_col-sm-4 wpb_column vc_column_container has-fill\"><div class=\"vc_column-inner  vc_custom_1474962338214\"><div class=\"wpb_wrapper\"><div class=\"ult-spacer spacer-69f791cc8669b\" data-id=\"69f791cc8669b\" data-height=\"350\" data-height-mobile=\"100\" data-height-tab=\"\" data-height-tab-portrait=\"\" data-height-mobile-landscape=\"100\" style=\"clear:both;display:block;\"><\/div>\n\t<div class=\"wpb_text_column  overlay-marrone\">\n\t\t<div class=\"wpb_wrapper\">\n\t\t\t<h2>ERDE<\/h2>\n<p>Wandern, Laufen, Mountainbiken, Downhill Nordic Walking-Strecken auf dem dichten Wegenetz vom Monte Baldo, Klippen, Skifahren, Bergsteigen, Snowboarden Klettern.<\/p>\n\n\t\t<\/div>\n\t<\/div>\n<\/div><\/div><\/div><div class=\"vc_col-sm-4 wpb_column vc_column_container has-fill\"><div class=\"vc_column-inner  vc_custom_1474032035627\"><div class=\"wpb_wrapper\"><div class=\"ult-spacer spacer-69f791cc86781\" data-id=\"69f791cc86781\" data-height=\"350\" data-height-mobile=\"100\" data-height-tab=\"\" data-height-tab-portrait=\"\" data-height-mobile-landscape=\"100\" style=\"clear:both;display:block;\"><\/div>\n\t<div class=\"wpb_text_column  overlay-azzurro\">\n\t\t<div class=\"wpb_wrapper\">\n\t\t\t<h2>LUFT<\/h2>\n<p>Paragliding f\u00fcr Flugbegeisterte.\u00a0Es gibt nur wenige Orte auf der Welt, wo so viele Aktivit\u00e4ten an einem Platz m\u00f6glich sind.<br \/>\nTIPPS, KARTEN\u00a0 UND ANGEBOTE AN DER REZEPTION<\/p>\n\n\t\t<\/div>\n\t<\/div>\n<\/div><\/div><\/div><\/div><\/div><\/section><section class=\"l-section wpb_row height_small width_full color_custom\"><div class=\"l-section-h i-cf\"><div class=\"g-cols vc_row type_default valign_middle\"><div class=\"vc_col-sm-8 wpb_column vc_column_container animate_afl d3\"><div class=\"vc_column-inner color_custom\" style=\"color:#b84997;\"><div class=\"wpb_wrapper\">\n\t<div class=\"wpb_text_column \">\n\t\t<div class=\"wpb_wrapper\">\n\t\t\t<h1 style=\"text-align: center;\"><span style=\"color: #b84997;\">F\u00dcR EINEN 360\u00b0 GARDASEE-URLAUB<\/span><\/h1>\n\n\t\t<\/div>\n\t<\/div>\n<\/div><\/div><\/div><div class=\"vc_col-sm-4 wpb_column vc_column_container animate_afb d4\"><div class=\"vc_column-inner\"><div class=\"wpb_wrapper\"><div class=\"w-btn-wrapper align_center\"><a class=\"w-btn style_solid color_primary icon_none\" href=\"http:\/\/booking.360gardalife.com\/de\" target=\"_blank\" style=\"font-size:30px;\"><span class=\"w-btn-label\">AKTIVIT\u00c4TEN BUCHEN<\/span><\/a><\/div><\/div><\/div><\/div><\/div><\/div><\/section><section class=\"l-section wpb_row height_auto width_full color_custom\" style=\"background-color: #777819; color: #ffffff;border-top-width: 10px !important;border-top-color: #777819 !important;border-top-style: solid !important;\"><div class=\"l-section-h i-cf\"><div class=\"g-cols vc_row type_default valign_middle\"><div class=\"vc_col-sm-8 wpb_column vc_column_container has-fill\"><div class=\"vc_column-inner  vc_custom_1472550317250\"><div class=\"wpb_wrapper\"><div class=\"ult-spacer spacer-69f791cc86be8\" data-id=\"69f791cc86be8\" data-height=\"700\" data-height-mobile=\"300\" data-height-tab=\"\" data-height-tab-portrait=\"\" data-height-mobile-landscape=\"300\" style=\"clear:both;display:block;\"><\/div><\/div><\/div><\/div><div class=\"vc_col-sm-4 wpb_column vc_column_container colonna-text-dx\"><div class=\"vc_column-inner\"><div class=\"wpb_wrapper\">\n\t<div class=\"wpb_text_column \">\n\t\t<div class=\"wpb_wrapper\">\n\t\t\t<h2>FUSS- UND FAHRRADWEG<\/h2>\n<p>Die Promenade des n\u00f6rdlichen Seeufers von Malcesine beginnt am Fu\u00dfe des Schlosses und verl\u00e4uft ca. 5 km am Seeufer entlang \u00fcber den Yachthafen, der \u201cFraglia Vela\u201d\u00a0 von Malcesine bis\u00a0 zum Ortsteil Navene.<br \/>\nDie s\u00fcdliche Promenade beginnt an der Via Roma und f\u00fchrt etwa 10 km am See entlang zur Ortschaft Brenzone.<br \/>\nSpazierg\u00e4nger und Jogger erleben einen kurzweiligen Weg, vorbei\u00a0 an Str\u00e4nden, kleinen H\u00e4fen und Gassen der Ortsteile.<br \/>\nManchmal scheint es, der Weg endet an der Hauptstra\u00dfe aber ein paar Meter weiter f\u00fchrt er zur\u00fcck auf die See-Promenande.<\/p>\n\n\t\t<\/div>\n\t<\/div>\n<\/div><\/div><\/div><\/div><\/div><\/section>\n","protected":false},"excerpt":{"rendered":"[rev_slider_vc alias=\"lago\"] AUSFL\u00dcGE AUF DEM SEE Verzichten Sie auf den Stau der Stra\u00dfe. Besichtigen Sie die Orte\u00a0 rund um die See mit den F\u00e4hrbooten (Sirmione, Limone, Sal\u00f2, Peschiera, Garda, Bardolino, um nur einige zu nennen). Orte die am Wasser gewachsen sind, zeigen sich vom Wasser aus von Ihrer sch\u00f6nsten Seite! Einzel- oder Tagesticket, f\u00fcr jede...","protected":false},"author":1,"featured_media":0,"parent":0,"menu_order":0,"comment_status":"closed","ping_status":"closed","template":"","meta":{"inline_featured_image":false},"_links":{"self":[{"href":"https:\/\/dolomitihotel.net\/de\/wp-json\/wp\/v2\/pages\/708"}],"collection":[{"href":"https:\/\/dolomitihotel.net\/de\/wp-json\/wp\/v2\/pages"}],"about":[{"href":"https:\/\/dolomitihotel.net\/de\/wp-json\/wp\/v2\/types\/page"}],"author":[{"embeddable":true,"href":"https:\/\/dolomitihotel.net\/de\/wp-json\/wp\/v2\/users\/1"}],"replies":[{"embeddable":true,"href":"https:\/\/dolomitihotel.net\/de\/wp-json\/wp\/v2\/comments?post=708"}],"version-history":[{"count":6,"href":"https:\/\/dolomitihotel.net\/de\/wp-json\/wp\/v2\/pages\/708\/revisions"}],"predecessor-version":[{"id":889,"href":"https:\/\/dolomitihotel.net\/de\/wp-json\/wp\/v2\/pages\/708\/revisions\/889"}],"wp:attachment":[{"href":"https:\/\/dolomitihotel.net\/de\/wp-json\/wp\/v2\/media?parent=708"}],"curies":[{"name":"wp","href":"https:\/\/api.w.org\/{rel}","templated":true}]}}